{"id":196,"date":"2015-09-01T14:56:40","date_gmt":"2015-09-01T14:56:40","guid":{"rendered":"http:\/\/tc-hussenhofen.de\/?page_id=196"},"modified":"2023-06-15T12:21:35","modified_gmt":"2023-06-15T12:21:35","slug":"vorstand","status":"publish","type":"page","link":"https:\/\/tc-hussenhofen.de\/?page_id=196","title":{"rendered":"Vorstand"},"content":{"rendered":"<p><span style=\"color: #f25f70;\">1. Vorsitzender \/\/ <span style=\"color: #000000;\"><strong>Matthias Beyer<\/strong><\/span><\/span><\/p>\n<p><span style=\"color: #f25f70;\">2. Vorsitzender \/\/ <\/span><strong>Philipp von Berg<\/strong><\/p>\n<p><a href=\"mailto:vorstand@tc-hussenhofen.de\">vorstand@tc-hussenhofen.de<\/a><\/p>\n<hr \/>\n<p><span style=\"color: #f25f70;\"><br \/>\nKassier \/\/ <\/span><strong>Florian M\u00fcller<\/strong><br \/>\nkassier@tc-hussenhofen.de<\/p>\n<p><span style=\"color: #f25f70;\">Sportwart \/\/ <\/span><strong>Joachim Rei\u00dfm\u00fcller<\/strong><br \/>\njoa-reissm\u00fcller@web.de<\/p>\n<p><span style=\"color: #f25f70;\">Jugendleiter \/\/ <strong><span style=\"color: #000000;\">Fabian<\/span><\/strong><\/span><strong>\u00a0Seitz<\/strong><\/p>\n<p><span style=\"color: #f25f70;\">Pressewart \/\/ <\/span><strong>Klaus Stegmaier<\/strong><\/p>\n<p><span style=\"color: #f25f70;\">Wirtschaftsleiterin \/\/ <\/span><strong>Nina Nagel<\/strong><\/p>\n<p><span style=\"color: #f25f70;\">Schriftf\u00fchrer\u00a0\/\/\u00a0<\/span><strong>Rainer Uhl<\/strong><\/p>\n<p><span style=\"color: #f25f70;\">Beratendes Mitglied\u00a0\/\/\u00a0<\/span><strong>J\u00fcrgen Seitz<\/strong><\/p>\n<p><span style=\"color: #f25f70;\">Beratendes Mitglied\u00a0\/\/\u00a0<\/span><strong>Holger Glaser<\/strong><\/p>\n","protected":false},"excerpt":{"rendered":"<p>1. Vorsitzender \/\/ Matthias Beyer 2. Vorsitzender \/\/ Philipp von Berg vorstand@tc-hussenhofen.de Kassier \/\/ Florian M\u00fcller kassier@tc-hussenhofen.de Sportwart \/\/ Joachim Rei\u00dfm\u00fcller joa-reissm\u00fcller@web.de Jugendleiter \/\/ Fabian\u00a0Seitz Pressewart \/\/ Klaus Stegmaier Wirtschaftsleiterin \/\/ Nina Nagel Schriftf\u00fchrer\u00a0\/\/\u00a0Rainer Uhl Beratendes Mitglied\u00a0\/\/\u00a0J\u00fcrgen Seitz Beratendes Mitglied\u00a0\/\/\u00a0Holger Glaser<\/p>\n","protected":false},"author":1,"featured_media":0,"parent":79,"menu_order":0,"comment_status":"closed","ping_status":"closed","template":"","meta":[],"_links":{"self":[{"href":"https:\/\/tc-hussenhofen.de\/index.php?rest_route=\/wp\/v2\/pages\/196"}],"collection":[{"href":"https:\/\/tc-hussenhofen.de\/index.php?rest_route=\/wp\/v2\/pages"}],"about":[{"href":"https:\/\/tc-hussenhofen.de\/index.php?rest_route=\/wp\/v2\/types\/page"}],"author":[{"embeddable":true,"href":"https:\/\/tc-hussenhofen.de\/index.php?rest_route=\/wp\/v2\/users\/1"}],"replies":[{"embeddable":true,"href":"https:\/\/tc-hussenhofen.de\/index.php?rest_route=%2Fwp%2Fv2%2Fcomments&post=196"}],"version-history":[{"count":17,"href":"https:\/\/tc-hussenhofen.de\/index.php?rest_route=\/wp\/v2\/pages\/196\/revisions"}],"predecessor-version":[{"id":732,"href":"https:\/\/tc-hussenhofen.de\/index.php?rest_route=\/wp\/v2\/pages\/196\/revisions\/732"}],"up":[{"embeddable":true,"href":"https:\/\/tc-hussenhofen.de\/index.php?rest_route=\/wp\/v2\/pages\/79"}],"wp:attachment":[{"href":"https:\/\/tc-hussenhofen.de\/index.php?rest_route=%2Fwp%2Fv2%2Fmedia&parent=196"}],"curies":[{"name":"wp","href":"https:\/\/api.w.org\/{rel}","templated":true}]}}