{"id":2,"date":"2015-08-04T12:26:51","date_gmt":"2015-08-04T12:26:51","guid":{"rendered":"http:\/\/wp424m.a10-52-158-154.qa.plesk.ru\/wordpress\/?page_id=2"},"modified":"2023-06-15T12:22:05","modified_gmt":"2023-06-15T12:22:05","slug":"sample-page","status":"publish","type":"page","link":"https:\/\/tc-hussenhofen.de\/?page_id=2","title":{"rendered":"Kontakt"},"content":{"rendered":"<div class=\"textwidget\">\n<p><a href=\"http:\/\/tc-hussenhofen.de\/wp-content\/uploads\/2015\/09\/cropped-logo_web.jpg\"><img loading=\"lazy\" class=\"wp-image-251 size-thumbnail alignnone\" src=\"http:\/\/tc-hussenhofen.de\/wp-content\/uploads\/2015\/09\/cropped-logo_web-150x150.jpg\" alt=\"cropped-logo_web.jpg\" width=\"150\" height=\"150\" srcset=\"https:\/\/tc-hussenhofen.de\/wp-content\/uploads\/2015\/09\/cropped-logo_web-150x150.jpg 150w, https:\/\/tc-hussenhofen.de\/wp-content\/uploads\/2015\/09\/cropped-logo_web-300x300.jpg 300w, https:\/\/tc-hussenhofen.de\/wp-content\/uploads\/2015\/09\/cropped-logo_web-90x90.jpg 90w, https:\/\/tc-hussenhofen.de\/wp-content\/uploads\/2015\/09\/cropped-logo_web-380x380.jpg 380w, https:\/\/tc-hussenhofen.de\/wp-content\/uploads\/2015\/09\/cropped-logo_web-270x270.jpg 270w, https:\/\/tc-hussenhofen.de\/wp-content\/uploads\/2015\/09\/cropped-logo_web-192x192.jpg 192w, https:\/\/tc-hussenhofen.de\/wp-content\/uploads\/2015\/09\/cropped-logo_web-180x180.jpg 180w, https:\/\/tc-hussenhofen.de\/wp-content\/uploads\/2015\/09\/cropped-logo_web-32x32.jpg 32w, https:\/\/tc-hussenhofen.de\/wp-content\/uploads\/2015\/09\/cropped-logo_web.jpg 512w\" sizes=\"(max-width: 150px) 100vw, 150px\" \/><\/a><\/p>\n<p><strong>TC Hussenhofen e.V.<\/strong><br \/>\nRupert-Mayer-Stra\u00dfe 60<br \/>\n73527 Schw\u00e4bisch Gm\u00fcnd<\/p>\n<p>vorstand@tc-hussenhofen.de<\/p>\n<p>Unser Clubheim ist\u00a0Dienstag und Donnerstag<br \/>\nvon 18.00-22.00 Uhr<br \/>\nge\u00f6ffnet.<\/p>\n<\/div>\n<p><a href=\"http:\/\/tc-hussenhofen.de\/?page_id=246\">Impressum \u2192<\/a><\/p>\n","protected":false},"excerpt":{"rendered":"<p>TC Hussenhofen e.V. Rupert-Mayer-Stra\u00dfe 60 73527 Schw\u00e4bisch Gm\u00fcnd vorstand@tc-hussenhofen.de Unser Clubheim ist\u00a0Dienstag und Donnerstag von 18.00-22.00 Uhr ge\u00f6ffnet. Impressum \u2192<\/p>\n","protected":false},"author":1,"featured_media":0,"parent":0,"menu_order":6,"comment_status":"closed","ping_status":"closed","template":"","meta":[],"_links":{"self":[{"href":"https:\/\/tc-hussenhofen.de\/index.php?rest_route=\/wp\/v2\/pages\/2"}],"collection":[{"href":"https:\/\/tc-hussenhofen.de\/index.php?rest_route=\/wp\/v2\/pages"}],"about":[{"href":"https:\/\/tc-hussenhofen.de\/index.php?rest_route=\/wp\/v2\/types\/page"}],"author":[{"embeddable":true,"href":"https:\/\/tc-hussenhofen.de\/index.php?rest_route=\/wp\/v2\/users\/1"}],"replies":[{"embeddable":true,"href":"https:\/\/tc-hussenhofen.de\/index.php?rest_route=%2Fwp%2Fv2%2Fcomments&post=2"}],"version-history":[{"count":11,"href":"https:\/\/tc-hussenhofen.de\/index.php?rest_route=\/wp\/v2\/pages\/2\/revisions"}],"predecessor-version":[{"id":733,"href":"https:\/\/tc-hussenhofen.de\/index.php?rest_route=\/wp\/v2\/pages\/2\/revisions\/733"}],"wp:attachment":[{"href":"https:\/\/tc-hussenhofen.de\/index.php?rest_route=%2Fwp%2Fv2%2Fmedia&parent=2"}],"curies":[{"name":"wp","href":"https:\/\/api.w.org\/{rel}","templated":true}]}}